{"id":3523,"date":"2018-05-24T16:15:34","date_gmt":"2018-05-24T14:15:34","guid":{"rendered":"http:\/\/www.puertomarinabenalmadena.com\/contacter\/remove-me\/"},"modified":"2018-05-24T16:19:48","modified_gmt":"2018-05-24T14:19:48","slug":"remove-me","status":"publish","type":"page","link":"https:\/\/www.puertomarinabenalmadena.com\/fr\/contacter\/remove-me\/","title":{"rendered":"Supprimez-moi"},"content":{"rendered":"<p>Le formulaire ci-dessous vous donne le droit de nous demander de supprimer toutes les donn\u00e9es personnelles que nous avons de vous sur la base des demandes pr\u00e9c\u00e9dentes de ce site Web ou par tout autre moyen, conform\u00e9ment \u00e0 GDPR. Pour en savoir plus, veuillez visiter notre page <a href=\"http:\/\/www.puertomarinabenalmadena.com\/fr\/privacy-policy\/\" target=\"_blank\" rel=\"noopener\">Politique de confidentialit\u00e9 ici<\/a>.<\/p>\n<div class=\"frm_forms  with_frm_style frm_style_formidable-style\" id=\"frm_form_25_container\" >\n<form enctype=\"multipart\/form-data\" method=\"post\" class=\"frm-show-form  frm_pro_form \" id=\"form_contact2322\" >\n<div class=\"frm_form_fields \">\n<fieldset>\n<legend class=\"frm_screen_reader\">Right to be forgotten-fr<\/legend>\r\n\r\n<div class=\"frm_fields_container\">\n<input type=\"hidden\" name=\"frm_action\" value=\"create\" \/>\n<input type=\"hidden\" name=\"form_id\" value=\"25\" \/>\n<input type=\"hidden\" name=\"frm_hide_fields_25\" id=\"frm_hide_fields_25\" value=\"\" \/>\n<input type=\"hidden\" name=\"form_key\" value=\"contact2322\" \/>\n<input type=\"hidden\" name=\"item_meta[0]\" value=\"\" \/>\n<input type=\"hidden\" id=\"frm_submit_entry_25\" name=\"frm_submit_entry_25\" value=\"deb0b3058a\" \/><input type=\"hidden\" name=\"_wp_http_referer\" value=\"\/fr\/wp-json\/wp\/v2\/pages\/3523\" \/><div id=\"frm_field_204_container\" class=\"frm_form_field form-field  frm_required_field frm_top_container frm_first frm_half\">\r\n    <label for=\"field_qh4icy542\" class=\"frm_primary_label\">Pr\u00e9nom\r\n        <span class=\"frm_required\"><\/span>\r\n    <\/label>\r\n    <input  type=\"text\" id=\"field_qh4icy542\" name=\"item_meta[204]\" value=\"\"  data-reqmsg=\"Pr\u00e9nom cannot be blank.\" aria-required=\"true\" data-invmsg=\"Name is invalid\" aria-invalid=\"false\"   \/>\r\n    \r\n    \r\n<\/div>\n<div id=\"frm_field_205_container\" class=\"frm_form_field form-field  frm_required_field frm_hidden_container frm_half\">\r\n    <label for=\"field_ocfup1542\" class=\"frm_primary_label\">Nom de famille\r\n        <span class=\"frm_required\"><\/span>\r\n    <\/label>\r\n    <input  type=\"text\" id=\"field_ocfup1542\" name=\"item_meta[205]\" value=\"\"  data-reqmsg=\"Nom de famille cannot be blank.\" aria-required=\"true\" data-invmsg=\"Last is invalid\" aria-invalid=\"false\"   \/>\r\n    \r\n    \r\n<\/div>\n<div id=\"frm_field_206_container\" class=\"frm_form_field form-field  frm_required_field frm_top_container frm_first frm_half\">\r\n    <label for=\"field_29yf4d542\" class=\"frm_primary_label\">Email\r\n        <span class=\"frm_required\"><\/span>\r\n    <\/label>\r\n    <input type=\"email\" id=\"field_29yf4d542\" name=\"item_meta[206]\" value=\"\"  data-reqmsg=\"Email cannot be blank.\" aria-required=\"true\" data-invmsg=\"Please enter a valid email address\" aria-invalid=\"false\"  \/>\r\n    \r\n    \r\n<\/div>\n<div id=\"frm_field_207_container\" class=\"frm_form_field form-field  frm_top_container frm_half\">\r\n    <label for=\"field_e6lis6542\" class=\"frm_primary_label\">Assujettir\r\n        <span class=\"frm_required\"><\/span>\r\n    <\/label>\r\n    <input  type=\"text\" id=\"field_e6lis6542\" name=\"item_meta[207]\" value=\"Supprimer mes donn\u00e9es\"  readonly=\"readonly\"  data-frmval=\"Supprimer mes donn\u00e9es\" data-invmsg=\"Subject is invalid\" aria-invalid=\"false\"   \/>\r\n    \r\n    \r\n<\/div>\n<div id=\"frm_field_208_container\" class=\"frm_form_field form-field  frm_required_field frm_top_container frm_full\">\r\n    <label for=\"field_9jv0r1542\" class=\"frm_primary_label\">Message\r\n        <span class=\"frm_required\"><\/span>\r\n    <\/label>\r\n    <textarea name=\"item_meta[208]\" id=\"field_9jv0r1542\" rows=\"5\"  data-reqmsg=\"Message cannot be blank.\" aria-required=\"true\" data-invmsg=\"Message est non valide\" aria-invalid=\"false\"  ><\/textarea>\r\n    \r\n    \r\n<\/div>\n<div id=\"frm_field_253_container\" class=\"frm_form_field form-field  frm_none_container\">\n    <label for=\"g-recaptcha-response\" id=\"field_q0wwh_label\" class=\"frm_primary_label\">reCAPTCHA\n        <span class=\"frm_required\" aria-hidden=\"true\"><\/span>\n    <\/label>\n    <div  id=\"field_q0wwh\" class=\"frm-g-recaptcha\" data-sitekey=\"6LdbhtsfAAAAACfc35M6meapPgBPUEi4ZY79XeIx\" data-size=\"compact\" data-theme=\"light\"><\/div>\n    \n    \n<\/div>\n\t<input type=\"hidden\" name=\"item_key\" value=\"\" \/>\n\t\t\t<div id=\"frm_field_263_container\">\n\t\t\t<label for=\"field_yxscx\" >\n\t\t\t\tSi vous \u00eates un humain, ne remplissez pas ce champ.\t\t\t<\/label>\n\t\t\t<input  id=\"field_yxscx\" type=\"text\" class=\"frm_form_field form-field frm_verify\" name=\"item_meta[263]\" value=\"\"  \/>\n\t\t<\/div>\n\t\t<input name=\"frm_state\" type=\"hidden\" value=\"JXCxNSUZovE4J1xJgCV977kzzKSqPt7jpeGThAxwZIU9bhEda5yqwc1G1SsqNGbi\" \/><div class=\"frm_submit\">\r\n\r\n<button class=\"frm_button_submit frm_final_submit\" type=\"submit\"   formnovalidate=\"formnovalidate\">Soumettre<\/button>\r\n\r\n<\/div><\/div>\n<\/fieldset>\n<\/div>\n\n<\/form>\n<\/div>\n\n","protected":false},"excerpt":{"rendered":"<p>Le formulaire ci-dessous vous donne le droit de nous demander de supprimer toutes les donn\u00e9es personnelles que nous avons de vous sur la base des demandes pr\u00e9c\u00e9dentes de ce site Web ou par tout autre moyen, conform\u00e9ment \u00e0 GDPR. Pour &hellip; <a href=\"https:\/\/www.puertomarinabenalmadena.com\/fr\/contacter\/remove-me\/\">Continuer la lecture <span class=\"meta-nav\">&rarr;<\/span><\/a><\/p>\n","protected":false},"author":8,"featured_media":0,"parent":571,"menu_order":0,"comment_status":"closed","ping_status":"closed","template":"page-full-width.php","meta":{"_acf_changed":false,"ngg_post_thumbnail":0,"footnotes":""},"class_list":["post-3523","page","type-page","status-publish","hentry"],"acf":[],"_links":{"self":[{"href":"https:\/\/www.puertomarinabenalmadena.com\/fr\/wp-json\/wp\/v2\/pages\/3523","targetHints":{"allow":["GET"]}}],"collection":[{"href":"https:\/\/www.puertomarinabenalmadena.com\/fr\/wp-json\/wp\/v2\/pages"}],"about":[{"href":"https:\/\/www.puertomarinabenalmadena.com\/fr\/wp-json\/wp\/v2\/types\/page"}],"author":[{"embeddable":true,"href":"https:\/\/www.puertomarinabenalmadena.com\/fr\/wp-json\/wp\/v2\/users\/8"}],"replies":[{"embeddable":true,"href":"https:\/\/www.puertomarinabenalmadena.com\/fr\/wp-json\/wp\/v2\/comments?post=3523"}],"version-history":[{"count":0,"href":"https:\/\/www.puertomarinabenalmadena.com\/fr\/wp-json\/wp\/v2\/pages\/3523\/revisions"}],"up":[{"embeddable":true,"href":"https:\/\/www.puertomarinabenalmadena.com\/fr\/wp-json\/wp\/v2\/pages\/571"}],"wp:attachment":[{"href":"https:\/\/www.puertomarinabenalmadena.com\/fr\/wp-json\/wp\/v2\/media?parent=3523"}],"curies":[{"name":"wp","href":"https:\/\/api.w.org\/{rel}","templated":true}]}}