{"id":3497,"date":"2018-05-24T16:01:51","date_gmt":"2018-05-24T14:01:51","guid":{"rendered":"http:\/\/www.puertomarinabenalmadena.com\/privacy-policy\/"},"modified":"2018-05-24T16:05:24","modified_gmt":"2018-05-24T14:05:24","slug":"privacy-policy","status":"publish","type":"page","link":"https:\/\/www.puertomarinabenalmadena.com\/fr\/privacy-policy\/","title":{"rendered":"Politique de confidentialit\u00e9"},"content":{"rendered":"<h2>Collecte et droit d&rsquo;acc\u00e8s aux donn\u00e9es collect\u00e9es<\/h2>\n<ul>\n<li>Les informations que vous fournissez au pr\u00e9alable \u00e0 n\u2019importe quelle proc\u00e9dure d\u2019enregistrement, comme votre adresse \u00e9lectronique lorsque vous nous le fournissez;<\/li>\n<li>Les informations que vous fournissez durant la proc\u00e9dure d\u2019enregistrement, y compris dans le cadre d\u2019une offre de co-branding (comme votre nom, le nom de votre entreprise, votre adresse \u00e9lectronique, votre num\u00e9ro de t\u00e9l\u00e9phone, votre adresse de facturation ou de carte de cr\u00e9dit, votre emplacement g\u00e9ographique et votre secteur d&rsquo;activit\u00e9), lorsque vous nous appelez ou nous envoyez un courriel \u00e9lectronique (pour obtenir de l&rsquo;aide ou autre) ou lorsque vous utilisez nos produits ou services ; et<\/li>\n<li>Informations de paiement que vous nous fournissez (par le biais de nos Services ou autrement) lorsque vous achetez certains de nos produits et services, incluant les donn\u00e9es de carte de cr\u00e9dit.<\/li>\n<\/ul>\n<p>Vous avez le droit d&rsquo;acc\u00e9der \u00e0 vos donn\u00e9es personnelles collect\u00e9es sur ce site et syst\u00e8me et vous pouvez en faire la demande en remplissant ce formulaire <a href=\"http:\/\/www.puertomarinabenalmadena.com\/fr\/contacter\/request-for-my-personal-data\/\">ici.<\/a><\/p>\n<h2 id=\"how-we-use-your-information\">Comment nous utilisons vos renseignements personnels<\/h2>\n<p>Nous avons un int\u00e9r\u00eat l\u00e9gitime \u00e0 g\u00e9rer une entreprise prosp\u00e8re et efficace et \u00e0 vous fournir des services et du contenu utile, et nous utilisons les informations que nous recueillons, \u00e0 la fois seuls et combin\u00e9s avec toute autre information que nous recueillons \u00e0 votre sujet, aux fins suivantes:<\/p>\n<ul>\n<li>Fournir les services demand\u00e9s pour vous;<\/li>\n<li>Vous fournir un contenu utile;<\/li>\n<li>Assurer le bon fonctionnement de nos Services<\/li>\n<li>Offrir et am\u00e9liorer nos services;<\/li>\n<li>Vous fournir l&rsquo;information ou le soutien technique dont vous avez besoin.<\/li>\n<li>Faciliter votre d\u00e9placement \u00e0 travers nos sites Web ou votre utilisation de nos services;<\/li>\n<li>Faire un meilleur travail de publicit\u00e9 et de marketing de nos Services (notre utilisation de vos informations \u00e0 cette fin est effectu\u00e9e avec votre consentement lorsque la loi l&rsquo;exige);<\/li>\n<li>Dans le cadre de nos programmes de s\u00e9curit\u00e9 et de conformit\u00e9;<\/li>\n<li>Administrer nos sites Web;<\/li>\n<li>Communiquer avec vous;<\/li>\n<li>Nous aider \u00e0 vous offrir une exp\u00e9rience personnalis\u00e9e ou \u00e0 adapter nos services en fonction de vos besoins; et<\/li>\n<li>Comme d\u00e9crit autrement dans cette politique de confidentialit\u00e9<\/li>\n<\/ul>\n<p>Les informations de paiement que vous nous fournissez, incluant les donn\u00e9es de carte de cr\u00e9dit, ne seront utilis\u00e9es que pour faciliter le paiement de nos produits et services.<\/p>\n<h2 id=\"sharing-of-information\">Partage de l&rsquo;information<\/h2>\n<p>Nous partageons des informations personnelles avec d&rsquo;autres membres de Peurto Marina Benalmadena pour permettre \u00e0 nos soci\u00e9t\u00e9s affili\u00e9es de vous contacter avec des offres, des services ou des produits susceptibles de vous int\u00e9resser et de vous fournir leurs produits et services.<br \/>\nUne telle soci\u00e9t\u00e9 affili\u00e9e ne peut utiliser vos renseignements personnels que conform\u00e9ment aux modalit\u00e9s de la pr\u00e9sente politique de confidentialit\u00e9. Si vous \u00eates situ\u00e9 dans une juridiction o\u00f9 un tel partage requiert votre permission, nous ne le ferons qu&rsquo;avec votre consentement.<\/p>\n<h2>Droit d&rsquo;\u00eatre oubli\u00e9<\/h2>\n<p>Vous avez le droit de nous demander de supprimer vos donn\u00e9es personnelles de notre site et syst\u00e8me conform\u00e9ment \u00e0 la r\u00e9glementation GDPR, ce qui peut \u00eatre fait en remplissant une <a href=\"http:\/\/www.puertomarinabenalmadena.com\/fr\/contacter\/remove-me\/\">demande.<\/a><\/p>\n","protected":false},"excerpt":{"rendered":"<p>Collecte et droit d&rsquo;acc\u00e8s aux donn\u00e9es collect\u00e9es Les informations que vous fournissez au pr\u00e9alable \u00e0 n\u2019importe quelle proc\u00e9dure d\u2019enregistrement, comme votre adresse \u00e9lectronique lorsque vous nous le fournissez; Les informations que vous fournissez durant la proc\u00e9dure d\u2019enregistrement, y compris dans &hellip; <a href=\"https:\/\/www.puertomarinabenalmadena.com\/fr\/privacy-policy\/\">Continuer la lecture <span class=\"meta-nav\">&rarr;<\/span><\/a><\/p>\n","protected":false},"author":8,"featured_media":0,"parent":0,"menu_order":0,"comment_status":"closed","ping_status":"closed","template":"page-full-width.php","meta":{"_acf_changed":false,"ngg_post_thumbnail":0,"footnotes":""},"class_list":["post-3497","page","type-page","status-publish","hentry"],"acf":[],"_links":{"self":[{"href":"https:\/\/www.puertomarinabenalmadena.com\/fr\/wp-json\/wp\/v2\/pages\/3497","targetHints":{"allow":["GET"]}}],"collection":[{"href":"https:\/\/www.puertomarinabenalmadena.com\/fr\/wp-json\/wp\/v2\/pages"}],"about":[{"href":"https:\/\/www.puertomarinabenalmadena.com\/fr\/wp-json\/wp\/v2\/types\/page"}],"author":[{"embeddable":true,"href":"https:\/\/www.puertomarinabenalmadena.com\/fr\/wp-json\/wp\/v2\/users\/8"}],"replies":[{"embeddable":true,"href":"https:\/\/www.puertomarinabenalmadena.com\/fr\/wp-json\/wp\/v2\/comments?post=3497"}],"version-history":[{"count":0,"href":"https:\/\/www.puertomarinabenalmadena.com\/fr\/wp-json\/wp\/v2\/pages\/3497\/revisions"}],"wp:attachment":[{"href":"https:\/\/www.puertomarinabenalmadena.com\/fr\/wp-json\/wp\/v2\/media?parent=3497"}],"curies":[{"name":"wp","href":"https:\/\/api.w.org\/{rel}","templated":true}]}}