{"id":3524,"date":"2018-05-24T16:15:34","date_gmt":"2018-05-24T14:15:34","guid":{"rendered":"http:\/\/www.puertomarinabenalmadena.com\/contacto\/remove-me\/"},"modified":"2018-05-24T16:21:24","modified_gmt":"2018-05-24T14:21:24","slug":"remove-me","status":"publish","type":"page","link":"https:\/\/www.puertomarinabenalmadena.com\/es\/contacto\/remove-me\/","title":{"rendered":"Borrarme"},"content":{"rendered":"<p>El siguiente formulario le da derecho a solicitar cualquier informaci\u00f3n personal que tengamos de usted en base a consultas anteriores de este sitio web o por cualquier otro medio. de acuerdo con GDPR. Para obtener m\u00e1s informaci\u00f3n, visite nuestra p\u00e1gina de <a href=\"http:\/\/www.puertomarinabenalmadena.com\/es\/privacy-policy\/\" target=\"_blank\" rel=\"noopener\">Pol\u00edtica de Privacidad aqu\u00ed<\/a>.<\/p>\n<div class=\"frm_forms  with_frm_style frm_style_formidable-style\" id=\"frm_form_24_container\" >\n<form enctype=\"multipart\/form-data\" method=\"post\" class=\"frm-show-form  frm_pro_form \" id=\"form_contact232\" >\n<div class=\"frm_form_fields \">\n<fieldset>\n<legend class=\"frm_screen_reader\">Right to be forgotten-es<\/legend>\r\n\r\n<div class=\"frm_fields_container\">\n<input type=\"hidden\" name=\"frm_action\" value=\"create\" \/>\n<input type=\"hidden\" name=\"form_id\" value=\"24\" \/>\n<input type=\"hidden\" name=\"frm_hide_fields_24\" id=\"frm_hide_fields_24\" value=\"\" \/>\n<input type=\"hidden\" name=\"form_key\" value=\"contact232\" \/>\n<input type=\"hidden\" name=\"item_meta[0]\" value=\"\" \/>\n<input type=\"hidden\" id=\"frm_submit_entry_24\" name=\"frm_submit_entry_24\" value=\"c7bae48d31\" \/><input type=\"hidden\" name=\"_wp_http_referer\" value=\"\/es\/wp-json\/wp\/v2\/pages\/3524\" \/><div id=\"frm_field_199_container\" class=\"frm_form_field form-field  frm_required_field frm_top_container frm_first frm_half\">\r\n    <label for=\"field_qh4icy54\" class=\"frm_primary_label\">Nombre\r\n        <span class=\"frm_required\"><\/span>\r\n    <\/label>\r\n    <input  type=\"text\" id=\"field_qh4icy54\" name=\"item_meta[199]\" value=\"\"  data-reqmsg=\"Nombre cannot be blank.\" aria-required=\"true\" data-invmsg=\"Name is invalid\" aria-invalid=\"false\"   \/>\r\n    \r\n    \r\n<\/div>\n<div id=\"frm_field_200_container\" class=\"frm_form_field form-field  frm_required_field frm_hidden_container frm_half\">\r\n    <label for=\"field_ocfup154\" class=\"frm_primary_label\">Apellido\r\n        <span class=\"frm_required\"><\/span>\r\n    <\/label>\r\n    <input  type=\"text\" id=\"field_ocfup154\" name=\"item_meta[200]\" value=\"\"  data-reqmsg=\"Apellido cannot be blank.\" aria-required=\"true\" data-invmsg=\"Last is invalid\" aria-invalid=\"false\"   \/>\r\n    \r\n    \r\n<\/div>\n<div id=\"frm_field_201_container\" class=\"frm_form_field form-field  frm_required_field frm_top_container frm_first frm_half\">\r\n    <label for=\"field_29yf4d54\" class=\"frm_primary_label\">Email\r\n        <span class=\"frm_required\"><\/span>\r\n    <\/label>\r\n    <input type=\"email\" id=\"field_29yf4d54\" name=\"item_meta[201]\" value=\"\"  data-reqmsg=\"Email cannot be blank.\" aria-required=\"true\" data-invmsg=\"Please enter a valid email address\" aria-invalid=\"false\"  \/>\r\n    \r\n    \r\n<\/div>\n<div id=\"frm_field_202_container\" class=\"frm_form_field form-field  frm_top_container frm_half\">\r\n    <label for=\"field_e6lis654\" class=\"frm_primary_label\">Tema\r\n        <span class=\"frm_required\"><\/span>\r\n    <\/label>\r\n    <input  type=\"text\" id=\"field_e6lis654\" name=\"item_meta[202]\" value=\"Eliminar mis datos\"  readonly=\"readonly\"  data-frmval=\"Eliminar mis datos\" data-invmsg=\"Subject is invalid\" aria-invalid=\"false\"   \/>\r\n    \r\n    \r\n<\/div>\n<div id=\"frm_field_203_container\" class=\"frm_form_field form-field  frm_required_field frm_top_container frm_full\">\r\n    <label for=\"field_9jv0r154\" class=\"frm_primary_label\">Mensaje\r\n        <span class=\"frm_required\"><\/span>\r\n    <\/label>\r\n    <textarea name=\"item_meta[203]\" id=\"field_9jv0r154\" rows=\"5\"  data-reqmsg=\"Mensaje cannot be blank.\" aria-required=\"true\" data-invmsg=\"Mensaje no es v\u00e1lido\" aria-invalid=\"false\"  ><\/textarea>\r\n    \r\n    \r\n<\/div>\n<div id=\"frm_field_252_container\" class=\"frm_form_field form-field  frm_none_container\">\n    <label for=\"g-recaptcha-response\" id=\"field_vi0pl_label\" class=\"frm_primary_label\">reCAPTCHA\n        <span class=\"frm_required\" aria-hidden=\"true\"><\/span>\n    <\/label>\n    <div  id=\"field_vi0pl\" class=\"frm-g-recaptcha\" data-sitekey=\"6LdbhtsfAAAAACfc35M6meapPgBPUEi4ZY79XeIx\" data-size=\"compact\" data-theme=\"light\"><\/div>\n    \n    \n<\/div>\n\t<input type=\"hidden\" name=\"item_key\" value=\"\" \/>\n\t\t\t<div id=\"frm_field_263_container\">\n\t\t\t<label for=\"field_ze3sl\" >\n\t\t\t\tSi eres humano, deja este campo en blanco.\t\t\t<\/label>\n\t\t\t<input  id=\"field_ze3sl\" type=\"text\" class=\"frm_form_field form-field frm_verify\" name=\"item_meta[263]\" value=\"\"  \/>\n\t\t<\/div>\n\t\t<input name=\"frm_state\" type=\"hidden\" value=\"JXCxNSUZovE4J1xJgCV97\/NNuQ9GK\/XKx\/+4VnbFzVQ9bhEda5yqwc1G1SsqNGbi\" \/><div class=\"frm_submit\">\r\n\r\n<button class=\"frm_button_submit frm_final_submit\" type=\"submit\"   formnovalidate=\"formnovalidate\">Enviar<\/button>\r\n\r\n<\/div><\/div>\n<\/fieldset>\n<\/div>\n\n<\/form>\n<\/div>\n\n","protected":false},"excerpt":{"rendered":"<p>El siguiente formulario le da derecho a solicitar cualquier informaci\u00f3n personal que tengamos de usted en base a consultas anteriores de este sitio web o por cualquier otro medio. de acuerdo con GDPR. Para obtener m\u00e1s informaci\u00f3n, visite nuestra p\u00e1gina &hellip; <a href=\"https:\/\/www.puertomarinabenalmadena.com\/es\/contacto\/remove-me\/\">Seguir leyendo <span class=\"meta-nav\">&rarr;<\/span><\/a><\/p>\n","protected":false},"author":8,"featured_media":0,"parent":573,"menu_order":0,"comment_status":"closed","ping_status":"closed","template":"page-full-width.php","meta":{"_acf_changed":false,"ngg_post_thumbnail":0,"footnotes":""},"class_list":["post-3524","page","type-page","status-publish","hentry"],"acf":[],"_links":{"self":[{"href":"https:\/\/www.puertomarinabenalmadena.com\/es\/wp-json\/wp\/v2\/pages\/3524","targetHints":{"allow":["GET"]}}],"collection":[{"href":"https:\/\/www.puertomarinabenalmadena.com\/es\/wp-json\/wp\/v2\/pages"}],"about":[{"href":"https:\/\/www.puertomarinabenalmadena.com\/es\/wp-json\/wp\/v2\/types\/page"}],"author":[{"embeddable":true,"href":"https:\/\/www.puertomarinabenalmadena.com\/es\/wp-json\/wp\/v2\/users\/8"}],"replies":[{"embeddable":true,"href":"https:\/\/www.puertomarinabenalmadena.com\/es\/wp-json\/wp\/v2\/comments?post=3524"}],"version-history":[{"count":0,"href":"https:\/\/www.puertomarinabenalmadena.com\/es\/wp-json\/wp\/v2\/pages\/3524\/revisions"}],"up":[{"embeddable":true,"href":"https:\/\/www.puertomarinabenalmadena.com\/es\/wp-json\/wp\/v2\/pages\/573"}],"wp:attachment":[{"href":"https:\/\/www.puertomarinabenalmadena.com\/es\/wp-json\/wp\/v2\/media?parent=3524"}],"curies":[{"name":"wp","href":"https:\/\/api.w.org\/{rel}","templated":true}]}}