{"id":115,"date":"2014-05-04T13:01:20","date_gmt":"2014-05-04T13:01:20","guid":{"rendered":"http:\/\/www.puertomarinabenalmadena.com\/?page_id=115"},"modified":"2026-04-29T08:45:29","modified_gmt":"2026-04-29T06:45:29","slug":"sample-page","status":"publish","type":"page","link":"https:\/\/www.puertomarinabenalmadena.com\/es\/","title":{"rendered":"Inicio"},"content":{"rendered":"<p data-wp-editing=\"1\"><a href=\"https:\/\/www.puertomarinabenalmadena.com\/wp-content\/uploads\/2024\/09\/Untitled-1.jpg\" rel=\"attachment wp-att-5546\"><img loading=\"lazy\" decoding=\"async\" class=\"alignleft wp-image-5550 size-medium\" src=\"https:\/\/www.puertomarinabenalmadena.com\/wp-content\/uploads\/2024\/09\/Untitled-1-253x300.jpg\" alt=\"Puerto Marina Benalmadena-Best Restaurants\" width=\"253\" height=\"300\" srcset=\"https:\/\/www.puertomarinabenalmadena.com\/wp-content\/uploads\/2024\/09\/Untitled-1-253x300.jpg 253w, https:\/\/www.puertomarinabenalmadena.com\/wp-content\/uploads\/2024\/09\/Untitled-1.jpg 768w\" sizes=\"auto, (max-width: 253px) 100vw, 253px\" \/><\/a><\/p>\n<div id=\"homeContent\">\n<h2>Puerto Marina Benalmadena-Los Mejores Restaurantes<\/h2>\n<p>Disfrute de una experiencia gastron\u00f3mica inolvidable en nuestros galardonados restaurantes, situados en el coraz\u00f3n del puerto deportivo de Benalm\u00e1dena. Tanto si le apetece un <a href=\"https:\/\/www.puertomarinabenalmadena.com\/es\/restaurante-angus\/\">asador de calidad ANGUS<\/a>, aut\u00e9ntica cocina italiana, sabrosos platos espa\u00f1oles o vibrantes sabores mexicanos, tenemos el restaurante perfecto para usted.<\/p>\n<p>Todos nuestros locales gozan de impresionantes vistas del puerto deportivo y han sido galardonados con el premio Travellers Choice de Tripadvisor. Familiar y dedicado a ofrecer un servicio de primer nivel, esperamos darle la bienvenida pronto para una comida para recordar. Lo mejor es que reserve su <a href=\"https:\/\/www.restaurantespuertomarina.com\/es\/reserva-mesa\/\" target=\"_blank\" rel=\"noopener\">mesa aqu\u00ed<\/a>.<\/p>\n<\/div>\n","protected":false},"excerpt":{"rendered":"<p>Puerto Marina Benalmadena-Los Mejores Restaurantes Disfrute de una experiencia gastron\u00f3mica inolvidable en nuestros galardonados restaurantes, situados en el coraz\u00f3n del puerto deportivo de Benalm\u00e1dena. Tanto si le apetece un asador de calidad ANGUS, aut\u00e9ntica cocina italiana, sabrosos platos espa\u00f1oles o &hellip; <a href=\"https:\/\/www.puertomarinabenalmadena.com\/es\/\">Seguir leyendo <span class=\"meta-nav\">&rarr;<\/span><\/a><\/p>\n","protected":false},"author":8,"featured_media":0,"parent":0,"menu_order":0,"comment_status":"closed","ping_status":"open","template":"","meta":{"_acf_changed":false,"ngg_post_thumbnail":0,"footnotes":""},"class_list":["post-115","page","type-page","status-publish","hentry"],"acf":[],"_links":{"self":[{"href":"https:\/\/www.puertomarinabenalmadena.com\/es\/wp-json\/wp\/v2\/pages\/115","targetHints":{"allow":["GET"]}}],"collection":[{"href":"https:\/\/www.puertomarinabenalmadena.com\/es\/wp-json\/wp\/v2\/pages"}],"about":[{"href":"https:\/\/www.puertomarinabenalmadena.com\/es\/wp-json\/wp\/v2\/types\/page"}],"author":[{"embeddable":true,"href":"https:\/\/www.puertomarinabenalmadena.com\/es\/wp-json\/wp\/v2\/users\/8"}],"replies":[{"embeddable":true,"href":"https:\/\/www.puertomarinabenalmadena.com\/es\/wp-json\/wp\/v2\/comments?post=115"}],"version-history":[{"count":19,"href":"https:\/\/www.puertomarinabenalmadena.com\/es\/wp-json\/wp\/v2\/pages\/115\/revisions"}],"predecessor-version":[{"id":5715,"href":"https:\/\/www.puertomarinabenalmadena.com\/es\/wp-json\/wp\/v2\/pages\/115\/revisions\/5715"}],"wp:attachment":[{"href":"https:\/\/www.puertomarinabenalmadena.com\/es\/wp-json\/wp\/v2\/media?parent=115"}],"curies":[{"name":"wp","href":"https:\/\/api.w.org\/{rel}","templated":true}]}}